{"id":8,"date":"2021-07-06T06:49:20","date_gmt":"2021-07-06T06:49:20","guid":{"rendered":"https:\/\/wordpressriverthemes.com\/solion\/?page_id=8"},"modified":"2022-02-07T13:57:05","modified_gmt":"2022-02-07T10:57:05","slug":"home-version-one","status":"publish","type":"page","link":"https:\/\/elcik.com.tr\/","title":{"rendered":"Ana Sayfa"},"content":{"rendered":"<p>[vc_row][vc_column]<!-- Start Banner \n    ============================================= -->\n    <div class=\"banner-area content-bg circle-shape\">\n        <!-- Background -->\n        <div class=\"bg\" style=\"background-image: url(https:\/\/elcik.com.tr\/wp-content\/uploads\/2022\/02\/elcikweb.jpg);\"><\/div>\n        <!-- End Background -->\n        <div class=\"item\">\n            <div class=\"container\">\n                <div class=\"row align-center\">\n                                    \n                    <div class=\"col-lg-7 offset-lg-5\">\n                        <div class=\"content\">\n                            <h4 class=\"wow fadeInUp\">1999\u2019dan beri var g\u00fcc\u00fcm\u00fczle hizmet i\u00e7in \u00e7al\u0131\u015f\u0131yoruz.<\/h4>\n                            <h2 class=\"wow fadeInDown\"><strong>El\u00e7ik Group<\/strong><\/h2>\n                            <p class=\"wow fadeInLeft\">\n                                Kendine ait yeni ve modern ara\u00e7lar ile EPDK ve Karayollar\u0131 Ula\u015ft\u0131rmas\u0131 standartlar\u0131na uygun ADR belgeli ve ADR standartlar\u0131nda uygun ta\u015f\u0131mac\u0131l\u0131k\n                            <\/p><a href=\"#\" class=\"btn-animate wow fadeInRight\">\n                                <span class=\"circle\">\n                                  <span class=\"icon arrow\"><\/span>\n                                <\/span>\n                                <span class=\"button-text\">Hakk\u0131m\u0131zda<\/span>\n                            <\/a><\/div>\n                    <\/div>\n                <\/div>\n            <\/div>\n        <\/div>\n    <\/div>\n    <!-- End Banner -->[\/vc_column][\/vc_row][vc_row][vc_column]<!-- Star Services Area\n    ============================================= -->\n    <div class=\"services-area bg-gray default-padding-top\">\n        <!-- Fixed BG -->\n        <div class=\"fixed-shape-bottom\">\n            <img decoding=\"async\" src=\"https:\/\/elcik.com.tr\/wp-content\/uploads\/2021\/07\/bg-5.png\" alt=\"Shape\">\n        <\/div>\n        <!-- End Fixed BG -->\n        <div class=\"container\">\n            <div class=\"row\">\n                <div class=\"col-lg-8 offset-lg-2\">\n                    <div class=\"site-heading text-center\">\n                        <h5><\/h5>\n                        <h2 class=\"area-title\">Hizmetlerimiz<\/h2>\n                        <div class=\"devider\"><\/div>\n                        <p>\n                            \n                        <\/p>\n                    <\/div>\n                <\/div>\n            <\/div>\n        <\/div>\n        <div class=\"container\">\n            <div class=\"services-items\">\n                <div class=\"row\">\n                    <div class=\"item-grid col-lg-6 col-md-6\"><!-- Single Item -->\n                        <div class=\"single-item\">\n                            <div class=\"item\">\n                                <div class=\"icon\">\n                                    <i class=\"flaticon-research\"><\/i>\n                                <\/div>\n                                <div class=\"info\">\n                                    <span>Lojistik<\/span>\n                                    <h4><a href=\"\">Karayolu Ta\u015f\u0131mac\u0131l\u0131\u011f\u0131<\/a><\/h4>\n                                    <p>\n                                        Son model, \u00e7evre dostu, ask\u0131l\u0131 y\u00fcklere g\u00f6re tasarlanm\u0131\u015f, kapal\u0131 kasa, GPS donan\u0131ml\u0131 ara\u00e7lardan olu\u015fan filomuzla t\u00fcm Avrupa, Ortado\u011fu, T\u00fcrk Cumhuriyetlerine y\u00f6nelik kara yolu ta\u015f\u0131mac\u0131l\u0131\u011f\u0131 \n                                    <\/p>\n                                <\/div>\n                            <\/div>\n                        <\/div>\n                        <!-- End Single Item --><!-- Single Item -->\n                        <div class=\"single-item\">\n                            <div class=\"item\">\n                                <div class=\"icon\">\n                                    <i class=\"flaticon-research\"><\/i>\n                                <\/div>\n                                <div class=\"info\">\n                                    <span>Lojistik<\/span>\n                                    <h4><a href=\"\">Karayolu Frigo ta\u015f\u0131mac\u0131l\u0131\u011f\u0131<\/a><\/h4>\n                                    <p>\n                                        Son model, \u00e7evre dostu, GPS donan\u0131ml\u0131 ara\u00e7lardan olu\u015fan filomuzla t\u00fcm Avrupa, Ortado\u011fu, T\u00fcrk Cumhuriyetlerine -26 derece s\u0131cakl\u0131\u011fa kadar sabit s\u0131cakl\u0131kta muhafaza edilen hassas so\u011fuk \u00fcr\u00fcn ta\u015f\u0131mac\u0131l\u0131\u011f\u0131 yap\u0131yoruz. \n                                    <\/p>\n                                <\/div>\n                            <\/div>\n                        <\/div>\n                        <!-- End Single Item --><!-- Single Item -->\n                        <div class=\"single-item\">\n                            <div class=\"item\">\n                                <div class=\"icon\">\n                                    <i class=\"flaticon-research\"><\/i>\n                                <\/div>\n                                <div class=\"info\">\n                                    <span>Lojistik<\/span>\n                                    <h4><a href=\"\">Karayolu Tanker ta\u015f\u0131mac\u0131l\u0131\u011f\u0131<\/a><\/h4>\n                                    <p>\n                                        EPDK ve Karayollar\u0131 Ula\u015ft\u0131rmas\u0131 standartlar\u0131na uygun ADR belgeli ve ADR standartlar\u0131nda tankerler ile t\u00fcm Avrupa, Ortado\u011fu, T\u00fcrk Cumhuriyetlerine y\u00f6nelik kara yolu ta\u015f\u0131mac\u0131l\u0131\u011f\u0131 \n                                    <\/p>\n                                <\/div>\n                            <\/div>\n                        <\/div>\n                        <!-- End Single Item --><\/div>\n                    <div class=\"item-grid col-lg-6 col-md-6\"><!-- Single Item -->\n                        <div class=\"single-item\">\n                            <div class=\"item\">\n                                <div class=\"icon\">\n                                    <i class=\"flaticon-research\"><\/i>\n                                <\/div>\n                                <div class=\"info\">\n                                    <span>Petrol<\/span>\n                                    <h4><a href=\"\">Petrol \u0130stasyonu<\/a><\/h4>\n                                    <p>\n                                        Opet Petrol A.\u015e. \u2019nin \u0130stasyonlu Akaryak\u0131t ve Ticari End\u00fcstriyel \u00fcr\u00fcnleri yetkili bayisi olarak her zaman m\u00fc\u015fteri memnuniyetini \u00f6n planda tutarak en iyi \u015fekilde kaliteli hizmet sa\u011flamak hedefindeyiz. \n                                    <\/p>\n                                <\/div>\n                            <\/div>\n                        <\/div>\n                        <!-- End Single Item --><!-- Single Item -->\n                        <div class=\"single-item\">\n                            <div class=\"item\">\n                                <div class=\"icon\">\n                                    <i class=\"flaticon-research\"><\/i>\n                                <\/div>\n                                <div class=\"info\">\n                                    <span>Lojistik<\/span>\n                                    <h4><a href=\"\">Konteyner Ta\u015f\u0131mac\u0131l\u0131\u011f\u0131<\/a><\/h4>\n                                    <p>\n                                        T\u00fcrkiye \u2018nin en geni\u015f ve g\u00fc\u00e7l\u00fc acente a\u011f\u0131 ile T\u00fcrkiye ve di\u011fer d\u00fcnya limanlar\u0131na \/ limanlar\u0131ndan haftal\u0131k d\u00fczenli \u00e7\u0131k\u0131\u015flarla konteyner ta\u015f\u0131mac\u0131l\u0131\u011f\u0131 ve forwarding hizmetleri sunuyoruz. \n                                    <\/p>\n                                <\/div>\n                            <\/div>\n                        <\/div>\n                        <!-- End Single Item --><!-- Single Item -->\n                        <div class=\"single-item\">\n                            <div class=\"item\">\n                                <div class=\"icon\">\n                                    <i class=\"flaticon-research\"><\/i>\n                                <\/div>\n                                <div class=\"info\">\n                                    <span>Lojistik<\/span>\n                                    <h4><a href=\"\">Proje Ta\u015f\u0131mac\u0131l\u0131\u011f\u0131<\/a><\/h4>\n                                    <p>\n                                        Santraller, rafineriler, maden, demir yolu ve yol yap\u0131m makineleri, yat\u0131r\u0131m projelerinize ait t\u00fcm gabari d\u0131\u015f\u0131 ve a\u011f\u0131r tonajl\u0131 y\u00fcklerinizi k\u00fcresel bir a\u011f \u00e7er\u00e7evesinde ve en etkin planlama sonras\u0131nda ba\u015far\u0131yla ta\u015f\u0131ma. \n                                    <\/p>\n                                <\/div>\n                            <\/div>\n                        <\/div>\n                        <!-- End Single Item --><\/div>\n                <\/div>\n                <div class=\"bottom-content text-center\">\n                    <p>\n                         <a href=\"\"><\/a>\n                    <\/p>\n                <\/div>\n            <\/div>\n        <\/div>\n    <\/div>\n    <!-- End Services Area -->[\/vc_column][\/vc_row][vc_row][vc_column]<!-- Start Contact Area \n============================================= -->\n<div class=\"contact-area bg-gray half-bg default-padding-bottom\">\n    <div class=\"container\">\n        <div class=\"contact-box\">\n            <div class=\"row \">\n                <div class=\"col-lg-5 left-info\">\n                    <div class=\"content-box\">\n                        <h5>Bize Ula\u015f\u0131n<\/h5>\n                        <h2><\/h2><div class=\"item\">\n                            <div class=\"icon\">\n                                <i class=\"fas fa-map-marked-alt\"><\/i>\n                            <\/div>\n                            <div class=\"info\">\n                                <h5>Adres<\/h5>\n                                <p>\n                                    \u015eevket S\u00fcmer Mh. Okan Merzeci Bulv.<br \/>\nEl\u00e7ik Plaza No:33 Akdeniz \/ Mersin\n                                <\/p>\n                            <\/div>\n                        <\/div><div class=\"item\">\n                            <div class=\"icon\">\n                                <i class=\"fas fa-phone\"><\/i>\n                            <\/div>\n                            <div class=\"info\">\n                                <h5>Telefon<\/h5>\n                                <p>\n                                    0850 888 00 73<br \/>\n0324 238 28 35\n                                <\/p>\n                            <\/div>\n                        <\/div><div class=\"item\">\n                            <div class=\"icon\">\n                                <i class=\"fas fa-envelope-open\"><\/i>\n                            <\/div>\n                            <div class=\"info\">\n                                <h5>Email<\/h5>\n                                <p>\n                                    info@elcik.com.tr\n                                <\/p>\n                            <\/div>\n                        <\/div> <\/div>\n                <\/div>\n                <div class=\"col-lg-7\">\n                    <div class=\"content\"><div role=\"form\" class=\"wpcf7\" id=\"wpcf7-f55-o1\" lang=\"en-US\" dir=\"ltr\">\n<div class=\"screen-reader-response\"><p role=\"status\" aria-live=\"polite\" aria-atomic=\"true\"><\/p> <ul><\/ul><\/div>\n<form action=\"\/index.php\/wp-json\/wp\/v2\/pages\/8#wpcf7-f55-o1\" method=\"post\" class=\"wpcf7-form init\" novalidate=\"novalidate\" data-status=\"init\">\n<div style=\"display: none;\">\n<input type=\"hidden\" name=\"_wpcf7\" value=\"55\" \/>\n<input type=\"hidden\" name=\"_wpcf7_version\" value=\"5.5.4\" \/>\n<input type=\"hidden\" name=\"_wpcf7_locale\" value=\"en_US\" \/>\n<input type=\"hidden\" name=\"_wpcf7_unit_tag\" value=\"wpcf7-f55-o1\" \/>\n<input type=\"hidden\" name=\"_wpcf7_container_post\" value=\"0\" \/>\n<input type=\"hidden\" name=\"_wpcf7_posted_data_hash\" value=\"\" \/>\n<\/div>\n<div class=\"row\">\n<div class=\"col-lg-6\">\n<div class=\"form-group\">\n<span class=\"wpcf7-form-control-wrap your-name\"><input type=\"text\" name=\"your-name\" value=\"\" size=\"40\" class=\"wpcf7-form-control wpcf7-text wpcf7-validates-as-required form-control\" id=\"name\" aria-required=\"true\" aria-invalid=\"false\" placeholder=\"Ad Soyad\" \/><\/span><br \/>\n<span class=\"alert-error\"><\/span>\n<\/div>\n<\/div>\n<div class=\"col-lg-6\">\n<div class=\"form-group\">\n<span class=\"wpcf7-form-control-wrap email\"><input type=\"email\" name=\"email\" value=\"\" size=\"40\" class=\"wpcf7-form-control wpcf7-text wpcf7-email wpcf7-validates-as-required wpcf7-validates-as-email form-control\" aria-required=\"true\" aria-invalid=\"false\" placeholder=\"Email\" \/><\/span><br \/>\n<span class=\"alert-error\"><\/span>\n<\/div>\n<\/div>\n<\/div>\n<div class=\"row\">\n<div class=\"col-lg-12\">\n<div class=\"form-group\">\n<span class=\"wpcf7-form-control-wrap phone\"><input type=\"text\" name=\"phone\" value=\"\" size=\"40\" class=\"wpcf7-form-control wpcf7-text wpcf7-validates-as-required form-control\" aria-required=\"true\" aria-invalid=\"false\" placeholder=\"Telefon\" \/><\/span><br \/>\n<span class=\"alert-error\"><\/span>\n<\/div>\n<\/div>\n<\/div>\n<div class=\"row\">\n<div class=\"col-lg-12\">\n<div class=\"form-group comments\">\n<span class=\"wpcf7-form-control-wrap comments\"><textarea name=\"comments\" cols=\"40\" rows=\"2\" class=\"wpcf7-form-control wpcf7-textarea wpcf7-validates-as-required form-control\" id=\"comments\" aria-required=\"true\" aria-invalid=\"false\" placeholder=\"L\u00fctfen Mesaj\u0131n\u0131z Yaz\u0131n *\"><\/textarea><\/span>\n<\/div>\n<\/div>\n<\/div>\n<div class=\"row\">\n<div class=\"col-lg-12\">\n<button type=\"submit\" name=\"submit\" id=\"submit\">G\u00f6nder<\/button>\n<\/div>\n<\/div>\n<p><!-- Alert Message --><\/p>\n<div class=\"col-md-12 alert-notification\">\n<div id=\"message\" class=\"alert-msg\"><\/div>\n<\/div>\n<div class=\"wpcf7-response-output\" aria-hidden=\"true\"><\/div><\/form><\/div> <\/div>\n                <\/div>\n            <\/div>\n        <\/div>\n    <\/div>\n<\/div>\n<!-- End Contact Area -->[\/vc_column][\/vc_row]<\/p>\n","protected":false},"excerpt":{"rendered":"<p>[vc_row][vc_column][\/vc_column][\/vc_row][vc_row][vc_column][\/vc_column][\/vc_row][vc_row][vc_column][\/vc_column][\/vc_row]<\/p>\n","protected":false},"author":1,"featured_media":0,"parent":0,"menu_order":0,"comment_status":"closed","ping_status":"closed","template":"page-templates\/home1.php","meta":{"footnotes":""},"class_list":["post-8","page","type-page","status-publish","hentry"],"_links":{"self":[{"href":"https:\/\/elcik.com.tr\/index.php\/wp-json\/wp\/v2\/pages\/8","targetHints":{"allow":["GET"]}}],"collection":[{"href":"https:\/\/elcik.com.tr\/index.php\/wp-json\/wp\/v2\/pages"}],"about":[{"href":"https:\/\/elcik.com.tr\/index.php\/wp-json\/wp\/v2\/types\/page"}],"author":[{"embeddable":true,"href":"https:\/\/elcik.com.tr\/index.php\/wp-json\/wp\/v2\/users\/1"}],"replies":[{"embeddable":true,"href":"https:\/\/elcik.com.tr\/index.php\/wp-json\/wp\/v2\/comments?post=8"}],"version-history":[{"count":20,"href":"https:\/\/elcik.com.tr\/index.php\/wp-json\/wp\/v2\/pages\/8\/revisions"}],"predecessor-version":[{"id":1024,"href":"https:\/\/elcik.com.tr\/index.php\/wp-json\/wp\/v2\/pages\/8\/revisions\/1024"}],"wp:attachment":[{"href":"https:\/\/elcik.com.tr\/index.php\/wp-json\/wp\/v2\/media?parent=8"}],"curies":[{"name":"wp","href":"https:\/\/api.w.org\/{rel}","templated":true}]}}