{"id":88,"date":"2021-07-28T06:04:22","date_gmt":"2021-07-28T06:04:22","guid":{"rendered":"https:\/\/wordpressriverthemes.com\/solion\/?page_id=88"},"modified":"2021-07-28T06:04:22","modified_gmt":"2021-07-28T06:04:22","slug":"contact-us","status":"publish","type":"page","link":"https:\/\/elcik.com.tr\/index.php\/contact-us\/","title":{"rendered":"Contact Us"},"content":{"rendered":"<p>[vc_row][vc_column]<!-- Start Contact Area \n============================================= -->\n<div class=\"contact-area default-padding\">\n    <div class=\"container\">\n        <div class=\"contact-box\">\n            <div class=\"row \">\n                <div class=\"col-lg-5 left-info\">\n                    <div class=\"content-box\">\n                        <h5>Contact us<\/h5>\n                        <h2>You can connect with us when need help!<\/h2><div class=\"item\">\n                            <div class=\"icon\">\n                                <i class=\"fas fa-map-marked-alt\"><\/i>\n                            <\/div>\n                            <div class=\"info\">\n                                <h5>Office Location<\/h5>\n                                <p>\n                                    22 Baker Street, London,<br \/>\nUnited Kingdom, W1U 3BW\n                                <\/p>\n                            <\/div>\n                        <\/div><div class=\"item\">\n                            <div class=\"icon\">\n                                <i class=\"fas fa-phone\"><\/i>\n                            <\/div>\n                            <div class=\"info\">\n                                <h5>Phone<\/h5>\n                                <p>\n                                    +44-20-7328-4499<br \/>\n+99-34-8878-9989\n                                <\/p>\n                            <\/div>\n                        <\/div><div class=\"item\">\n                            <div class=\"icon\">\n                                <i class=\"fas fa-envelope-open\"><\/i>\n                            <\/div>\n                            <div class=\"info\">\n                                <h5>Email<\/h5>\n                                <p>\n                                    info@yourdomain.com<br \/>\nadmin@yourdomain.com\n                                <\/p>\n                            <\/div>\n                        <\/div> <\/div>\n                <\/div>\n                <div class=\"col-lg-7\">\n                    <div class=\"content\"><div role=\"form\" class=\"wpcf7\" id=\"wpcf7-f55-o1\" lang=\"en-US\" dir=\"ltr\">\n<div class=\"screen-reader-response\"><p role=\"status\" aria-live=\"polite\" aria-atomic=\"true\"><\/p> <ul><\/ul><\/div>\n<form action=\"\/index.php\/wp-json\/wp\/v2\/pages\/88#wpcf7-f55-o1\" method=\"post\" class=\"wpcf7-form init\" novalidate=\"novalidate\" data-status=\"init\">\n<div style=\"display: none;\">\n<input type=\"hidden\" name=\"_wpcf7\" value=\"55\" \/>\n<input type=\"hidden\" name=\"_wpcf7_version\" value=\"5.5.4\" \/>\n<input type=\"hidden\" name=\"_wpcf7_locale\" value=\"en_US\" \/>\n<input type=\"hidden\" name=\"_wpcf7_unit_tag\" value=\"wpcf7-f55-o1\" \/>\n<input type=\"hidden\" name=\"_wpcf7_container_post\" value=\"0\" \/>\n<input type=\"hidden\" name=\"_wpcf7_posted_data_hash\" value=\"\" \/>\n<\/div>\n<div class=\"row\">\n<div class=\"col-lg-6\">\n<div class=\"form-group\">\n<span class=\"wpcf7-form-control-wrap your-name\"><input type=\"text\" name=\"your-name\" value=\"\" size=\"40\" class=\"wpcf7-form-control wpcf7-text wpcf7-validates-as-required form-control\" id=\"name\" aria-required=\"true\" aria-invalid=\"false\" placeholder=\"Ad Soyad\" \/><\/span><br \/>\n<span class=\"alert-error\"><\/span>\n<\/div>\n<\/div>\n<div class=\"col-lg-6\">\n<div class=\"form-group\">\n<span class=\"wpcf7-form-control-wrap email\"><input type=\"email\" name=\"email\" value=\"\" size=\"40\" class=\"wpcf7-form-control wpcf7-text wpcf7-email wpcf7-validates-as-required wpcf7-validates-as-email form-control\" aria-required=\"true\" aria-invalid=\"false\" placeholder=\"Email\" \/><\/span><br \/>\n<span class=\"alert-error\"><\/span>\n<\/div>\n<\/div>\n<\/div>\n<div class=\"row\">\n<div class=\"col-lg-12\">\n<div class=\"form-group\">\n<span class=\"wpcf7-form-control-wrap phone\"><input type=\"text\" name=\"phone\" value=\"\" size=\"40\" class=\"wpcf7-form-control wpcf7-text wpcf7-validates-as-required form-control\" aria-required=\"true\" aria-invalid=\"false\" placeholder=\"Telefon\" \/><\/span><br \/>\n<span class=\"alert-error\"><\/span>\n<\/div>\n<\/div>\n<\/div>\n<div class=\"row\">\n<div class=\"col-lg-12\">\n<div class=\"form-group comments\">\n<span class=\"wpcf7-form-control-wrap comments\"><textarea name=\"comments\" cols=\"40\" rows=\"2\" class=\"wpcf7-form-control wpcf7-textarea wpcf7-validates-as-required form-control\" id=\"comments\" aria-required=\"true\" aria-invalid=\"false\" placeholder=\"L\u00fctfen Mesaj\u0131n\u0131z Yaz\u0131n *\"><\/textarea><\/span>\n<\/div>\n<\/div>\n<\/div>\n<div class=\"row\">\n<div class=\"col-lg-12\">\n<button type=\"submit\" name=\"submit\" id=\"submit\">G\u00f6nder<\/button>\n<\/div>\n<\/div>\n<p><!-- Alert Message --><\/p>\n<div class=\"col-md-12 alert-notification\">\n<div id=\"message\" class=\"alert-msg\"><\/div>\n<\/div>\n<div class=\"wpcf7-response-output\" aria-hidden=\"true\"><\/div><\/form><\/div> <\/div>\n                <\/div>\n            <\/div>\n        <\/div>\n    <\/div>\n<\/div>\n<!-- End Contact Area -->[\/vc_column][\/vc_row]<\/p>\n","protected":false},"excerpt":{"rendered":"<p>[vc_row][vc_column][\/vc_column][\/vc_row]<\/p>\n","protected":false},"author":1,"featured_media":89,"parent":0,"menu_order":0,"comment_status":"closed","ping_status":"closed","template":"page-templates\/pages.php","meta":{"footnotes":""},"class_list":["post-88","page","type-page","status-publish","has-post-thumbnail","hentry"],"_links":{"self":[{"href":"https:\/\/elcik.com.tr\/index.php\/wp-json\/wp\/v2\/pages\/88","targetHints":{"allow":["GET"]}}],"collection":[{"href":"https:\/\/elcik.com.tr\/index.php\/wp-json\/wp\/v2\/pages"}],"about":[{"href":"https:\/\/elcik.com.tr\/index.php\/wp-json\/wp\/v2\/types\/page"}],"author":[{"embeddable":true,"href":"https:\/\/elcik.com.tr\/index.php\/wp-json\/wp\/v2\/users\/1"}],"replies":[{"embeddable":true,"href":"https:\/\/elcik.com.tr\/index.php\/wp-json\/wp\/v2\/comments?post=88"}],"version-history":[{"count":0,"href":"https:\/\/elcik.com.tr\/index.php\/wp-json\/wp\/v2\/pages\/88\/revisions"}],"wp:featuredmedia":[{"embeddable":true,"href":"https:\/\/elcik.com.tr\/index.php\/wp-json\/wp\/v2\/media\/89"}],"wp:attachment":[{"href":"https:\/\/elcik.com.tr\/index.php\/wp-json\/wp\/v2\/media?parent=88"}],"curies":[{"name":"wp","href":"https:\/\/api.w.org\/{rel}","templated":true}]}}